{"id":143,"date":"2025-05-05T11:08:49","date_gmt":"2025-05-05T11:08:49","guid":{"rendered":"https:\/\/anasens.elixiosoft.com\/accueil\/"},"modified":"2025-10-06T15:26:47","modified_gmt":"2025-10-06T15:26:47","slug":"accueil","status":"publish","type":"page","link":"https:\/\/anasens.com\/fr\/","title":{"rendered":"Accueil"},"content":{"rendered":"","protected":false},"excerpt":{"rendered":"","protected":false},"author":1,"featured_media":0,"parent":0,"menu_order":0,"comment_status":"closed","ping_status":"closed","template":"home.php","meta":{"_acf_changed":false,"content-type":"","footnotes":""},"class_list":["post-143","page","type-page","status-publish","hentry"],"acf":[],"yoast_head":"<!-- This site is optimized with the Yoast SEO plugin v27.4 - https:\/\/yoast.com\/product\/yoast-seo-wordpress\/ -->\n<title>Anasens - Des tests de laboratoire pr\u00e9cis quand et o\u00f9 cela est important<\/title>\n<meta name=\"description\" content=\"Des tests de pr\u00e9cisions m\u00e9dicales o\u00f9 et quand cela compte. \u00b7 Nouveaux produits en d\u00e9veloppement pour la d\u00e9tection de drogues illicites (DrugAsens) et suivi\" \/>\n<meta name=\"robots\" content=\"index, follow, max-snippet:-1, max-image-preview:large, max-video-preview:-1\" \/>\n<link rel=\"canonical\" href=\"https:\/\/anasens.com\/fr\/\" \/>\n<meta property=\"og:locale\" content=\"fr_FR\" \/>\n<meta property=\"og:type\" content=\"article\" \/>\n<meta property=\"og:title\" content=\"Anasens - Des tests de laboratoire pr\u00e9cis quand et o\u00f9 cela est important\" \/>\n<meta property=\"og:description\" content=\"Des tests de pr\u00e9cisions m\u00e9dicales o\u00f9 et quand cela compte. \u00b7 Nouveaux produits en d\u00e9veloppement pour la d\u00e9tection de drogues illicites (DrugAsens) et suivi\" \/>\n<meta property=\"og:url\" content=\"https:\/\/anasens.com\/fr\/\" \/>\n<meta property=\"og:site_name\" content=\"Anasens\" \/>\n<meta property=\"article:modified_time\" content=\"2025-10-06T15:26:47+00:00\" \/>\n<meta property=\"og:image\" content=\"https:\/\/anasens.com\/wp-content\/uploads\/2025\/05\/web-app-manifest-512x512-1.png\" \/>\n\t<meta property=\"og:image:width\" content=\"512\" \/>\n\t<meta property=\"og:image:height\" content=\"512\" \/>\n\t<meta property=\"og:image:type\" content=\"image\/png\" \/>\n<meta name=\"twitter:card\" content=\"summary_large_image\" \/>\n<script type=\"application\/ld+json\" class=\"yoast-schema-graph\">{\"@context\":\"https:\\\/\\\/schema.org\",\"@graph\":[{\"@type\":\"WebPage\",\"@id\":\"https:\\\/\\\/anasens.com\\\/fr\\\/\",\"url\":\"https:\\\/\\\/anasens.com\\\/fr\\\/\",\"name\":\"Anasens - Des tests de laboratoire pr\u00e9cis quand et o\u00f9 cela est important\",\"isPartOf\":{\"@id\":\"https:\\\/\\\/anasens.com\\\/fr\\\/#website\"},\"datePublished\":\"2025-05-05T11:08:49+00:00\",\"dateModified\":\"2025-10-06T15:26:47+00:00\",\"description\":\"Des tests de pr\u00e9cisions m\u00e9dicales o\u00f9 et quand cela compte. \u00b7 Nouveaux produits en d\u00e9veloppement pour la d\u00e9tection de drogues illicites (DrugAsens) et suivi\",\"breadcrumb\":{\"@id\":\"https:\\\/\\\/anasens.com\\\/fr\\\/#breadcrumb\"},\"inLanguage\":\"fr-FR\",\"potentialAction\":[{\"@type\":\"ReadAction\",\"target\":[\"https:\\\/\\\/anasens.com\\\/fr\\\/\"]}]},{\"@type\":\"BreadcrumbList\",\"@id\":\"https:\\\/\\\/anasens.com\\\/fr\\\/#breadcrumb\",\"itemListElement\":[{\"@type\":\"ListItem\",\"position\":1,\"name\":\"Home\",\"item\":\"https:\\\/\\\/anasens.com\\\/fr\\\/\"},{\"@type\":\"ListItem\",\"position\":2,\"name\":\"Accueil\"}]},{\"@type\":\"WebSite\",\"@id\":\"https:\\\/\\\/anasens.com\\\/fr\\\/#website\",\"url\":\"https:\\\/\\\/anasens.com\\\/fr\\\/\",\"name\":\"Anasens\",\"description\":\"Des tests de laboratoire pr\u00e9cis quand et o\u00f9 cela est important\",\"publisher\":{\"@id\":\"https:\\\/\\\/anasens.com\\\/fr\\\/#organization\"},\"potentialAction\":[{\"@type\":\"SearchAction\",\"target\":{\"@type\":\"EntryPoint\",\"urlTemplate\":\"https:\\\/\\\/anasens.com\\\/fr\\\/?s={search_term_string}\"},\"query-input\":{\"@type\":\"PropertyValueSpecification\",\"valueRequired\":true,\"valueName\":\"search_term_string\"}}],\"inLanguage\":\"fr-FR\"},{\"@type\":\"Organization\",\"@id\":\"https:\\\/\\\/anasens.com\\\/fr\\\/#organization\",\"name\":\"Anasens\",\"url\":\"https:\\\/\\\/anasens.com\\\/fr\\\/\",\"logo\":{\"@type\":\"ImageObject\",\"inLanguage\":\"fr-FR\",\"@id\":\"https:\\\/\\\/anasens.com\\\/fr\\\/#\\\/schema\\\/logo\\\/image\\\/\",\"url\":\"https:\\\/\\\/anasens.com\\\/wp-content\\\/uploads\\\/2025\\\/05\\\/web-app-manifest-512x512-1.png\",\"contentUrl\":\"https:\\\/\\\/anasens.com\\\/wp-content\\\/uploads\\\/2025\\\/05\\\/web-app-manifest-512x512-1.png\",\"width\":512,\"height\":512,\"caption\":\"Anasens\"},\"image\":{\"@id\":\"https:\\\/\\\/anasens.com\\\/fr\\\/#\\\/schema\\\/logo\\\/image\\\/\"}}]}<\/script>\n<!-- \/ Yoast SEO plugin. -->","yoast_head_json":{"title":"Anasens - Des tests de laboratoire pr\u00e9cis quand et o\u00f9 cela est important","description":"Des tests de pr\u00e9cisions m\u00e9dicales o\u00f9 et quand cela compte. \u00b7 Nouveaux produits en d\u00e9veloppement pour la d\u00e9tection de drogues illicites (DrugAsens) et suivi","robots":{"index":"index","follow":"follow","max-snippet":"max-snippet:-1","max-image-preview":"max-image-preview:large","max-video-preview":"max-video-preview:-1"},"canonical":"https:\/\/anasens.com\/fr\/","og_locale":"fr_FR","og_type":"article","og_title":"Anasens - Des tests de laboratoire pr\u00e9cis quand et o\u00f9 cela est important","og_description":"Des tests de pr\u00e9cisions m\u00e9dicales o\u00f9 et quand cela compte. \u00b7 Nouveaux produits en d\u00e9veloppement pour la d\u00e9tection de drogues illicites (DrugAsens) et suivi","og_url":"https:\/\/anasens.com\/fr\/","og_site_name":"Anasens","article_modified_time":"2025-10-06T15:26:47+00:00","og_image":[{"width":512,"height":512,"url":"https:\/\/anasens.com\/wp-content\/uploads\/2025\/05\/web-app-manifest-512x512-1.png","type":"image\/png"}],"twitter_card":"summary_large_image","schema":{"@context":"https:\/\/schema.org","@graph":[{"@type":"WebPage","@id":"https:\/\/anasens.com\/fr\/","url":"https:\/\/anasens.com\/fr\/","name":"Anasens - Des tests de laboratoire pr\u00e9cis quand et o\u00f9 cela est important","isPartOf":{"@id":"https:\/\/anasens.com\/fr\/#website"},"datePublished":"2025-05-05T11:08:49+00:00","dateModified":"2025-10-06T15:26:47+00:00","description":"Des tests de pr\u00e9cisions m\u00e9dicales o\u00f9 et quand cela compte. \u00b7 Nouveaux produits en d\u00e9veloppement pour la d\u00e9tection de drogues illicites (DrugAsens) et suivi","breadcrumb":{"@id":"https:\/\/anasens.com\/fr\/#breadcrumb"},"inLanguage":"fr-FR","potentialAction":[{"@type":"ReadAction","target":["https:\/\/anasens.com\/fr\/"]}]},{"@type":"BreadcrumbList","@id":"https:\/\/anasens.com\/fr\/#breadcrumb","itemListElement":[{"@type":"ListItem","position":1,"name":"Home","item":"https:\/\/anasens.com\/fr\/"},{"@type":"ListItem","position":2,"name":"Accueil"}]},{"@type":"WebSite","@id":"https:\/\/anasens.com\/fr\/#website","url":"https:\/\/anasens.com\/fr\/","name":"Anasens","description":"Des tests de laboratoire pr\u00e9cis quand et o\u00f9 cela est important","publisher":{"@id":"https:\/\/anasens.com\/fr\/#organization"},"potentialAction":[{"@type":"SearchAction","target":{"@type":"EntryPoint","urlTemplate":"https:\/\/anasens.com\/fr\/?s={search_term_string}"},"query-input":{"@type":"PropertyValueSpecification","valueRequired":true,"valueName":"search_term_string"}}],"inLanguage":"fr-FR"},{"@type":"Organization","@id":"https:\/\/anasens.com\/fr\/#organization","name":"Anasens","url":"https:\/\/anasens.com\/fr\/","logo":{"@type":"ImageObject","inLanguage":"fr-FR","@id":"https:\/\/anasens.com\/fr\/#\/schema\/logo\/image\/","url":"https:\/\/anasens.com\/wp-content\/uploads\/2025\/05\/web-app-manifest-512x512-1.png","contentUrl":"https:\/\/anasens.com\/wp-content\/uploads\/2025\/05\/web-app-manifest-512x512-1.png","width":512,"height":512,"caption":"Anasens"},"image":{"@id":"https:\/\/anasens.com\/fr\/#\/schema\/logo\/image\/"}}]}},"_links":{"self":[{"href":"https:\/\/anasens.com\/fr\/wp-json\/wp\/v2\/pages\/143","targetHints":{"allow":["GET"]}}],"collection":[{"href":"https:\/\/anasens.com\/fr\/wp-json\/wp\/v2\/pages"}],"about":[{"href":"https:\/\/anasens.com\/fr\/wp-json\/wp\/v2\/types\/page"}],"author":[{"embeddable":true,"href":"https:\/\/anasens.com\/fr\/wp-json\/wp\/v2\/users\/1"}],"replies":[{"embeddable":true,"href":"https:\/\/anasens.com\/fr\/wp-json\/wp\/v2\/comments?post=143"}],"version-history":[{"count":0,"href":"https:\/\/anasens.com\/fr\/wp-json\/wp\/v2\/pages\/143\/revisions"}],"wp:attachment":[{"href":"https:\/\/anasens.com\/fr\/wp-json\/wp\/v2\/media?parent=143"}],"curies":[{"name":"wp","href":"https:\/\/api.w.org\/{rel}","templated":true}]}}